{"id":26594,"date":"2024-04-17T11:16:00","date_gmt":"2024-04-17T09:16:00","guid":{"rendered":"https:\/\/strega.unina.it\/storia\/"},"modified":"2025-02-12T11:29:25","modified_gmt":"2025-02-12T10:29:25","slug":"storia","status":"publish","type":"page","link":"https:\/\/strega.unina.it\/en\/storia\/","title":{"rendered":"Our history"},"content":{"rendered":"\t\t<div data-elementor-type=\"wp-page\" data-elementor-id=\"26594\" class=\"elementor elementor-26594 elementor-22986\" data-elementor-post-type=\"page\">\n\t\t\t\t\t\t<section class=\"elementor-section elementor-top-section elementor-element elementor-element-dc1100a elementor-section-stretched elementor-section-boxed elementor-section-height-default elementor-section-height-default\" data-id=\"dc1100a\" data-element_type=\"section\" data-settings=\"{&quot;background_background&quot;:&quot;classic&quot;,&quot;stretch_section&quot;:&quot;section-stretched&quot;}\">\n\t\t\t\t\t\t\t<div class=\"elementor-background-overlay\"><\/div>\n\t\t\t\t\t\t\t<div class=\"elementor-container elementor-column-gap-default\">\n\t\t\t\t\t<div class=\"elementor-column elementor-col-100 elementor-top-column elementor-element elementor-element-016528c\" data-id=\"016528c\" data-element_type=\"column\">\n\t\t\t<div class=\"elementor-widget-wrap elementor-element-populated\">\n\t\t\t\t\t\t<div class=\"elementor-element elementor-element-67a5e58 elementor-widget elementor-widget-text-editor\" data-id=\"67a5e58\" data-element_type=\"widget\" data-widget_type=\"text-editor.default\">\n\t\t\t\t<div class=\"elementor-widget-container\">\n\t\t\t<style>\/*! elementor - v3.23.0 - 15-07-2024 *\/\n.elementor-widget-text-editor.elementor-drop-cap-view-stacked .elementor-drop-cap{background-color:#69727d;color:#fff}.elementor-widget-text-editor.elementor-drop-cap-view-framed .elementor-drop-cap{color:#69727d;border:3px solid;background-color:transparent}.elementor-widget-text-editor:not(.elementor-drop-cap-view-default) .elementor-drop-cap{margin-top:8px}.elementor-widget-text-editor:not(.elementor-drop-cap-view-default) .elementor-drop-cap-letter{width:1em;height:1em}.elementor-widget-text-editor .elementor-drop-cap{float:left;text-align:center;line-height:1;font-size:50px}.elementor-widget-text-editor .elementor-drop-cap-letter{display:inline-block}<\/style>\t\t\t\t<p>This section is dedicated to MD graduates in order to create a support tool for business based on a database of STReGA graduates registered to date.<\/p>\t\t\t\t\t\t<\/div>\n\t\t\t\t<\/div>\n\t\t\t\t\t<\/div>\n\t\t<\/div>\n\t\t\t\t\t<\/div>\n\t\t<\/section>\n\t\t\t\t<section class=\"elementor-section elementor-top-section elementor-element elementor-element-8001b35 elementor-section-stretched elementor-section-boxed elementor-section-height-default elementor-section-height-default\" data-id=\"8001b35\" data-element_type=\"section\" data-settings=\"{&quot;background_background&quot;:&quot;classic&quot;,&quot;stretch_section&quot;:&quot;section-stretched&quot;}\">\n\t\t\t\t\t\t\t<div class=\"elementor-background-overlay\"><\/div>\n\t\t\t\t\t\t\t<div class=\"elementor-container elementor-column-gap-default\">\n\t\t\t\t\t<div class=\"elementor-column elementor-col-100 elementor-top-column elementor-element elementor-element-446df96\" data-id=\"446df96\" data-element_type=\"column\">\n\t\t\t<div class=\"elementor-widget-wrap elementor-element-populated\">\n\t\t\t\t\t\t<div class=\"elementor-element elementor-element-4819218 tabs-laurea structure-table table-responsive elementor-tabs-view-horizontal elementor-widget elementor-widget-tabs\" data-id=\"4819218\" data-element_type=\"widget\" data-widget_type=\"tabs.default\">\n\t\t\t\t<div class=\"elementor-widget-container\">\n\t\t\t<style>\/*! elementor - v3.23.0 - 15-07-2024 *\/\n.elementor-widget-tabs.elementor-tabs-view-vertical .elementor-tabs-wrapper{width:25%;flex-shrink:0}.elementor-widget-tabs.elementor-tabs-view-vertical .elementor-tab-desktop-title.elementor-active{border-inline-end-style:none}.elementor-widget-tabs.elementor-tabs-view-vertical .elementor-tab-desktop-title.elementor-active:after,.elementor-widget-tabs.elementor-tabs-view-vertical .elementor-tab-desktop-title.elementor-active:before{height:999em;width:0;right:0;border-inline-end-style:solid}.elementor-widget-tabs.elementor-tabs-view-vertical .elementor-tab-desktop-title.elementor-active:before{top:0;transform:translateY(-100%)}.elementor-widget-tabs.elementor-tabs-view-vertical .elementor-tab-desktop-title.elementor-active:after{top:100%}.elementor-widget-tabs.elementor-tabs-view-horizontal .elementor-tab-desktop-title{display:table-cell}.elementor-widget-tabs.elementor-tabs-view-horizontal .elementor-tab-desktop-title.elementor-active{border-bottom-style:none}.elementor-widget-tabs.elementor-tabs-view-horizontal .elementor-tab-desktop-title.elementor-active:after,.elementor-widget-tabs.elementor-tabs-view-horizontal .elementor-tab-desktop-title.elementor-active:before{bottom:0;height:0;width:999em;border-bottom-style:solid}.elementor-widget-tabs.elementor-tabs-view-horizontal .elementor-tab-desktop-title.elementor-active:before{right:100%}.elementor-widget-tabs.elementor-tabs-view-horizontal .elementor-tab-desktop-title.elementor-active:after{left:100%}.elementor-widget-tabs .elementor-tab-content,.elementor-widget-tabs .elementor-tab-title,.elementor-widget-tabs .elementor-tab-title:after,.elementor-widget-tabs .elementor-tab-title:before,.elementor-widget-tabs .elementor-tabs-content-wrapper{border:1px #d5d8dc}.elementor-widget-tabs .elementor-tabs{text-align:start}.elementor-widget-tabs .elementor-tabs-wrapper{overflow:hidden}.elementor-widget-tabs .elementor-tab-title{cursor:pointer;outline:var(--focus-outline,none)}.elementor-widget-tabs .elementor-tab-desktop-title{position:relative;padding:20px 25px;font-weight:700;line-height:1;border:solid transparent}.elementor-widget-tabs .elementor-tab-desktop-title.elementor-active{border-color:#d5d8dc}.elementor-widget-tabs .elementor-tab-desktop-title.elementor-active:after,.elementor-widget-tabs .elementor-tab-desktop-title.elementor-active:before{display:block;content:\"\";position:absolute}.elementor-widget-tabs .elementor-tab-desktop-title:focus-visible{border:1px solid #000}.elementor-widget-tabs .elementor-tab-mobile-title{padding:10px;cursor:pointer}.elementor-widget-tabs .elementor-tab-content{padding:20px;display:none}@media (max-width:767px){.elementor-tabs .elementor-tab-content,.elementor-tabs .elementor-tab-title{border-style:solid solid none}.elementor-tabs .elementor-tabs-wrapper{display:none}.elementor-tabs .elementor-tabs-content-wrapper{border-bottom-style:solid}.elementor-tabs .elementor-tab-content{padding:10px}}@media (min-width:768px){.elementor-widget-tabs.elementor-tabs-view-vertical .elementor-tabs{display:flex}.elementor-widget-tabs.elementor-tabs-view-vertical .elementor-tabs-wrapper{flex-direction:column}.elementor-widget-tabs.elementor-tabs-view-vertical .elementor-tabs-content-wrapper{flex-grow:1;border-style:solid solid solid none}.elementor-widget-tabs.elementor-tabs-view-horizontal .elementor-tab-content{border-style:none solid solid}.elementor-widget-tabs.elementor-tabs-alignment-center .elementor-tabs-wrapper,.elementor-widget-tabs.elementor-tabs-alignment-end .elementor-tabs-wrapper,.elementor-widget-tabs.elementor-tabs-alignment-stretch .elementor-tabs-wrapper{display:flex}.elementor-widget-tabs.elementor-tabs-alignment-center .elementor-tabs-wrapper{justify-content:center}.elementor-widget-tabs.elementor-tabs-alignment-end .elementor-tabs-wrapper{justify-content:flex-end}.elementor-widget-tabs.elementor-tabs-alignment-stretch.elementor-tabs-view-horizontal .elementor-tab-title{width:100%}.elementor-widget-tabs.elementor-tabs-alignment-stretch.elementor-tabs-view-vertical .elementor-tab-title{height:100%}.elementor-tabs .elementor-tab-mobile-title{display:none}}<\/style>\t\t<div class=\"elementor-tabs\">\n\t\t\t<div class=\"elementor-tabs-wrapper\" role=\"tablist\" >\n\t\t\t\t\t\t\t\t\t<div id=\"elementor-tab-title-7561\" class=\"elementor-tab-title elementor-tab-desktop-title\" aria-selected=\"true\" data-tab=\"1\" role=\"tab\" tabindex=\"0\" aria-controls=\"elementor-tab-content-7561\" aria-expanded=\"false\">Graduated<\/div>\n\t\t\t\t\t\t\t\t\t<div id=\"elementor-tab-title-7562\" class=\"elementor-tab-title elementor-tab-desktop-title\" aria-selected=\"false\" data-tab=\"2\" role=\"tab\" tabindex=\"-1\" aria-controls=\"elementor-tab-content-7562\" aria-expanded=\"false\">Awarded<\/div>\n\t\t\t\t\t\t\t<\/div>\n\t\t\t<div class=\"elementor-tabs-content-wrapper\" role=\"tablist\" aria-orientation=\"vertical\">\n\t\t\t\t\t\t\t\t\t<div class=\"elementor-tab-title elementor-tab-mobile-title\" aria-selected=\"true\" data-tab=\"1\" role=\"tab\" tabindex=\"0\" aria-controls=\"elementor-tab-content-7561\" aria-expanded=\"false\">Graduated<\/div>\n\t\t\t\t\t<div id=\"elementor-tab-content-7561\" class=\"elementor-tab-content elementor-clearfix\" data-tab=\"1\" role=\"tabpanel\" aria-labelledby=\"elementor-tab-title-7561\" tabindex=\"0\" hidden=\"false\"><table border=\"1\"><tbody><tr><td><span style=\"color: #7d0000;\"><strong>Candidate<\/strong><\/span><\/td><td><span style=\"color: #7d0000;\"><strong>Thesis<\/strong><\/span><\/td><\/tr><tr><td>Amabile Carmela<\/td><td>Fondazioni su pali sotto azioni combinate orizzontali e verticali<\/td><\/tr><tr><td>Aversa Francesco<\/td><td>Analisi dei costi di riparazione di un campione di edifici danneggiati dal sisma di L&#8217;Aquila<\/td><\/tr><tr><td>Caiazzo Raffaele<\/td><td>Analisi delle sollecitazioni nel rivestimento di una galleria idraulica dell&#8217;acquedotto Abatemarco<\/td><\/tr><tr><td>Cappelli Angelo<\/td><td>Valutazione dell\u2019influenza delle condizioni al contorno sulla rigidezza di pali di fondazione<\/td><\/tr><tr><td>Cerbone Giuseppe<\/td><td>Barriere stradali di sicurezza: progetto di una installazione su bordo ponte<\/td><\/tr><tr><td>Ciampi Simone<\/td><td>Analisi numerica del comportamento di colonne di terreno consolidato per la stabilizzazione di coltri in frana<\/td><\/tr><tr><td>Compagnone Alberto<\/td><td>Analisi termomeccaniche con modelli di incendio avanzati<\/td><\/tr><tr><td>Costigliola Rosario Michele<\/td><td>Analisi di comportamento meccanico di una diga in terra zonata<\/td><\/tr><tr><td>D&#8217;Angela Danilo<\/td><td>Seismic behaviour of one-storey precast buildings with cladding fastened by hammer-head strap connections<\/td><\/tr><tr><td>D&#8217;Ausilio Gaetano<\/td><td>Analisi sperimentale e modellazione numerica di nodi esterni trave-colonna non staffati in edifici esistenti in C.A.<\/td><\/tr><tr><td>D&#8217;Avanzo Antonio Domenico<\/td><td>Sperimentazione e modellazione numerica di pareti sismoresistenti in CFS rivestite con pannelli di cartongesso<\/td><\/tr><tr><td>De Santis Danilo<\/td><td>Ricostruzioni peritali di eventi incidentali: la misura dell&#8217;aderenza<\/td><\/tr><tr><td>De Silva Donatella<\/td><td>Analisi teorico-sperimentale in caso d&#8217;incendio di una struttura esistente in acciaio della caserma del VVF di Napoli protetta con vernice intumescente<\/td><\/tr><tr><td>Di Domenico Mariano<\/td><td>Il comportamento e la modellazione delle pareti di tamponatura negli edifici in C.A. nel piano e fuori dal piano<\/td><\/tr><tr><td>Di Meo Matteo<\/td><td>Verifica teorico-sperimentale dei modelli di analisi e valutazione della resistenza del calcestruzzo in opera<\/td><\/tr><tr><td>Elico Domenico<\/td><td>FEM 3D per patee su pali. Analisi e criteri di progetto<\/td><\/tr><tr><td>Farese Agostino<\/td><td>Analisi degli effetti delle piogge sulle pressioni neutre in pendii argillosi<\/td><\/tr><tr><td>Foglia Raffaele<\/td><td>La vulnerabilit\u00e0 sismica a larga scala: casi studio di applicazione della scheda Cartis<\/td><\/tr><tr><td>Fraiese Domenico<\/td><td>Difesa dalle piene con interventi di tipo &#8220;attivo&#8221;: un\u2019applicazione al tratto terminale del fiume Sele e del suo affluente Rio Ciorlitto<\/td><\/tr><tr><td>Fusco Michele<\/td><td>Analisi critica di modelli di capacit\u00e0 a taglio di elementi in C.A. esistenti<\/td><\/tr><tr><td>Gatta Ferdinando<\/td><td>Analisi della vulnerabilit\u00e0 sismica di edifici esistenti di carattere storico e approvazione, in post operam, di tecniche innovative per la mitigazione del rischio sismico<\/td><\/tr><tr><td>Giliberti Giovanni<\/td><td>Rinforzo del suolo offerto dall&#8217;apparato radicale della vegetazione: analisi mediante un modello meccanico-probabilistico<\/td><\/tr><tr><td>Guerra Antonella<\/td><td>Influenza degli effetti di II ordine sulla risposta sismica di edifici prefabbricati in C.A. ad uso industrial<\/td><\/tr><tr><td>Iapalucci Andrea<\/td><td>Modellazione strutturale e valutazione del degrado della chiesa San Giuseppe delle Scalze di Napoli<\/td><\/tr><tr><td>Izzo Francesco<\/td><td>Analisi termo-meccaniche con curve di incendio naturali: metodologie semplificate ed avanzate<\/td><\/tr><tr><td>Lepore Gianpiero<\/td><td>Valutazione sperimentale di pile da ponte in calcestruzzo armato corrose<\/td><\/tr><tr><td>Marotta Erasmo<\/td><td>Analisi di stati di monitoraggio di scavi profondi in ambiente urbano<\/td><\/tr><tr><td>Mascolo Ida<\/td><td>Stabilit\u00e0 dell&#8217;equilibrio flesso-torsionale di travi compresse a sezione fortemente variabile<\/td><\/tr><\/tbody><\/table><\/div>\n\t\t\t\t\t\t\t\t\t<div class=\"elementor-tab-title elementor-tab-mobile-title\" aria-selected=\"false\" data-tab=\"2\" role=\"tab\" tabindex=\"-1\" aria-controls=\"elementor-tab-content-7562\" aria-expanded=\"false\">Awarded<\/div>\n\t\t\t\t\t<div id=\"elementor-tab-content-7562\" class=\"elementor-tab-content elementor-clearfix\" data-tab=\"2\" role=\"tabpanel\" aria-labelledby=\"elementor-tab-title-7562\" tabindex=\"0\" hidden=\"hidden\"><blockquote><p>L&#8217;ex-studente del Corso di Laurea Magistrale in Ingegneria Strutturale e Geotecnica <span style=\"color: #7d0000;\"><strong>Luigi D\u2019Angelo<\/strong><\/span>, laureatosi nel 2016, \u00e8 stato premiato il 28 novembre 2024 nel corso del <strong>10th ITA tunnelling awards<\/strong> a Genova come <strong>Best Young Tunneller of the Year<\/strong>, nel corso delle celebrazioni congiunte per il 50\u00b0 anniversario della <a href=\"https:\/\/www.societaitalianagallerie.it\/menu\/Attivita\/sig-ita-50y-ita-awards\/\" target=\"_blank\" rel=\"noopener\">Societ\u00e0 Italiana Gallerie (SIG)<\/a> e dell\u2019International Tunneling and Underground Space Association, ITA. Nel <strong><a href=\"https:\/\/youtu.be\/JbTBSDqoaWM\" target=\"_blank\" rel=\"noopener\">video<\/a><\/strong> Luigi racconta la sua esperienza di studi e lavorativa, che lo ha portato a realizzarsi professionalmente e gli dar\u00e0 certamente ancora soddisfazioni in futuro. E non dimentica di citare le opportunit\u00e0 che il Corso di Laurea Magistrale STReGA gli ha fornito. L\u2019entusiamo di Luigi \u00e8 contagioso, almeno quanto la sua preparazione tecnica!<\/p><\/blockquote><blockquote><p>La nostra giovane neo dottore di ricerca <span style=\"color: #7d0000;\"><strong>Anna Bozza<\/strong><\/span>, laureata magistrale Strega, \u00e8 stata l&#8217;unica italiana premiata nel corso del <strong>Fib PhD Symposium<\/strong> tenutosi a Tokyo nei giorni 29-31 agosto 2017 con 14 altri giovani di tutto il mondo, confronto fra le migliori tesi di dottorato di ricerca al mondo sul cemento armato. In questo caso Anna ha studiato la resilienza delle strutture un cemento armato, un argomento davvero innovativo.<\/p><\/blockquote><blockquote><p>Nell\u2019ambito della conferenza\u202finternazionale <strong>Central Europe towards Sustainable Building Prague 2016<\/strong> tenutasi a Praga nei giorni 22-24 giugno 2016, si \u00e8 svolta l\u2019iniziativa dal titolo <strong>The International Initiative for a Sustainable Built Environment<\/strong> con cui il Comitato Organizzatore ha inteso premiare le tre migliori tesi di laurea magistrale (master). Al secondo posto \u00e8 risultata premiata la tesi di <span style=\"color: #7d0000;\"><strong>Marco Pagano<\/strong><\/span>, laureatosi in Ingegneria Strutturale e Geotecnica presso il Dipartimento di Strutture per l\u2019Ingegneria e l\u2019Architettura dell\u2019Universit\u00e0 di Napoli Federico II nel 2014 (tutor Prof. Andrea Prota; co-tutor: Ingg. Domenico Asprone, Marco di Ludovico e Antonio Salzano). Lo scopo principale del premio era quello di rafforzare la consapevolezza della sostenibilit\u00e0 nell\u2019ingegneria civile, in architettura e nelle universit\u00e0. L\u2019elaborato di tesi &#8211; dal titolo <strong>Life Cycle Assessment (LCA) of seismic retrofit strategies of existing structures: comparative analysis applied to case study <\/strong>&#8211;\u00a0\u00e8 stato premiato per il suo carattere innovativo e per la sua capacit\u00e0 di fondere aspetti di ingegneria civile con quelli di sostenibilit\u00e0 ambientale.<\/p><\/blockquote><blockquote><p>Gli studenti <span style=\"color: #7d0000;\"><strong>Carmine Crisci<\/strong><\/span>,<span style=\"color: #7d0000;\"><strong> Remo Cigliano<\/strong><\/span>,<span style=\"color: #7d0000;\"><strong> Vincenzo Scala<\/strong><\/span> e<span style=\"color: #7d0000;\"><strong> Fabio Gustuti<\/strong><\/span> (tutors proff. Luciano Nunziante e Raffaele Landolfo), componenti del team <strong>Step by Step<\/strong> dell&#8217;Universit\u00e0 di Napoli, sono risultati vincitori del <strong>2015 SEI Video Competition<\/strong> con il loro video <a href=\"https:\/\/youtu.be\/5i8FVE4tsA8?si=cQ94WPX2xBqpDheB\" target=\"_blank\" rel=\"noopener\"><strong>The Engineering Journey<\/strong><\/a>.<\/p><\/blockquote><\/div>\n\t\t\t\t\t\t\t<\/div>\n\t\t<\/div>\n\t\t\t\t<\/div>\n\t\t\t\t<\/div>\n\t\t\t\t\t<\/div>\n\t\t<\/div>\n\t\t\t\t\t<\/div>\n\t\t<\/section>\n\t\t\t\t<\/div>\n\t\t","protected":false},"excerpt":{"rendered":"<p>This section is dedicated to MD graduates in order to create a support tool for business based on a database of STReGA graduates registered to date. Graduated Awarded Graduated Candidate Thesis Amabile Carmela Fondazioni su pali sotto azioni combinate orizzontali e verticali Aversa Francesco Analisi dei costi di riparazione di un campione di edifici danneggiati<\/p>\n","protected":false},"author":1,"featured_media":0,"parent":0,"menu_order":0,"comment_status":"closed","ping_status":"closed","template":"","meta":{"footnotes":""},"class_list":["post-26594","page","type-page","status-publish","hentry"],"_links":{"self":[{"href":"https:\/\/strega.unina.it\/en\/wp-json\/wp\/v2\/pages\/26594","targetHints":{"allow":["GET"]}}],"collection":[{"href":"https:\/\/strega.unina.it\/en\/wp-json\/wp\/v2\/pages"}],"about":[{"href":"https:\/\/strega.unina.it\/en\/wp-json\/wp\/v2\/types\/page"}],"author":[{"embeddable":true,"href":"https:\/\/strega.unina.it\/en\/wp-json\/wp\/v2\/users\/1"}],"replies":[{"embeddable":true,"href":"https:\/\/strega.unina.it\/en\/wp-json\/wp\/v2\/comments?post=26594"}],"version-history":[{"count":4,"href":"https:\/\/strega.unina.it\/en\/wp-json\/wp\/v2\/pages\/26594\/revisions"}],"predecessor-version":[{"id":26599,"href":"https:\/\/strega.unina.it\/en\/wp-json\/wp\/v2\/pages\/26594\/revisions\/26599"}],"wp:attachment":[{"href":"https:\/\/strega.unina.it\/en\/wp-json\/wp\/v2\/media?parent=26594"}],"curies":[{"name":"wp","href":"https:\/\/api.w.org\/{rel}","templated":true}]}}